{"id":71,"date":"2019-12-16T16:37:39","date_gmt":"2019-12-16T15:37:39","guid":{"rendered":"https:\/\/arquilleida.com\/?page_id=71"},"modified":"2020-01-21T11:41:00","modified_gmt":"2020-01-21T10:41:00","slug":"aviso-legal-y-politica-de-cookies","status":"publish","type":"page","link":"https:\/\/arquilleida.com\/es\/aviso-legal-y-politica-de-cookies\/","title":{"rendered":"Aviso legal y pol\u00edtica de cookies"},"content":{"rendered":"\t\t<div data-elementor-type=\"wp-page\" data-elementor-id=\"71\" class=\"elementor elementor-71\" data-elementor-post-type=\"page\">\n\t\t\t\t\t\t<section class=\"elementor-section elementor-top-section elementor-element elementor-element-29b1f99 elementor-section-boxed elementor-section-height-default elementor-section-height-default\" data-id=\"29b1f99\" data-element_type=\"section\" data-e-type=\"section\">\n\t\t\t\t\t\t<div class=\"elementor-container elementor-column-gap-default\">\n\t\t\t\t\t<div class=\"elementor-column elementor-col-100 elementor-top-column elementor-element elementor-element-eb72784\" data-id=\"eb72784\" data-element_type=\"column\" data-e-type=\"column\">\n\t\t\t<div class=\"elementor-widget-wrap elementor-element-populated\">\n\t\t\t\t\t\t<div class=\"elementor-element elementor-element-0986726 elementor-widget elementor-widget-heading\" data-id=\"0986726\" data-element_type=\"widget\" data-e-type=\"widget\" data-widget_type=\"heading.default\">\n\t\t\t\t<div class=\"elementor-widget-container\">\n\t\t\t\t\t<h1 class=\"elementor-heading-title elementor-size-default\">Aviso legal y pol\u00edtica de cookies<\/h1>\t\t\t\t<\/div>\n\t\t\t\t<\/div>\n\t\t\t\t<div class=\"elementor-element elementor-element-0a96ffb elementor-widget-divider--view-line elementor-widget elementor-widget-divider\" data-id=\"0a96ffb\" data-element_type=\"widget\" data-e-type=\"widget\" data-widget_type=\"divider.default\">\n\t\t\t\t<div class=\"elementor-widget-container\">\n\t\t\t\t\t\t\t<div class=\"elementor-divider\">\n\t\t\t<span class=\"elementor-divider-separator\">\n\t\t\t\t\t\t<\/span>\n\t\t<\/div>\n\t\t\t\t\t\t<\/div>\n\t\t\t\t<\/div>\n\t\t\t\t\t<\/div>\n\t\t<\/div>\n\t\t\t\t\t<\/div>\n\t\t<\/section>\n\t\t\t\t<section class=\"elementor-section elementor-top-section elementor-element elementor-element-2fb02b3 elementor-section-boxed elementor-section-height-default elementor-section-height-default\" data-id=\"2fb02b3\" data-element_type=\"section\" data-e-type=\"section\">\n\t\t\t\t\t\t<div class=\"elementor-container elementor-column-gap-default\">\n\t\t\t\t\t<div class=\"elementor-column elementor-col-100 elementor-top-column elementor-element elementor-element-03789fd\" data-id=\"03789fd\" data-element_type=\"column\" data-e-type=\"column\">\n\t\t\t<div class=\"elementor-widget-wrap elementor-element-populated\">\n\t\t\t\t\t\t<div class=\"elementor-element elementor-element-1f730e6 elementor-widget elementor-widget-text-editor\" data-id=\"1f730e6\" data-element_type=\"widget\" data-e-type=\"widget\" data-widget_type=\"text-editor.default\">\n\t\t\t\t<div class=\"elementor-widget-container\">\n\t\t\t\t\t\t\t\t\t<p>Bienvenido a la p\u00e1gina web de Arquilleida.<\/p><p>A continuaci\u00f3n, le exponemos las condiciones de uso de esta p\u00e1gina web. La navegaci\u00f3n por esta p\u00e1gina web le otorga el rol de usuario de la misma y, por tanto, acepta las cl\u00e1usulas detalladas en este documento.<\/p><p><strong>IDENTIFICACI\u00d3N<\/strong><br \/>De conformidad con lo que dispone el art\u00edculo 10 de la Ley 34\/2002, de 11 de julio, de Servicios de Sociedad de la Informaci\u00f3n y Comercio Electr\u00f3nico, se informa que latipo.cat es un dominio de la empresa Arquilleida con domicilio social en Calle Camp de Mart 13, 25006 Lleida y con tel\u00e9fono 973 981 070\u202c.<br \/>La sociedad se denomina AiB arquitectes t\u00e8cnics sl con CIF B25724527<br \/><br \/><\/p><p><strong>NORMAS DE UTILIZACI\u00d3N<\/strong><br \/>El usuario se compromete a hacer un uso adecuado y l\u00edcito del sitio web as\u00ed como de los contenidos y servicios, de conformidad con la legislaci\u00f3n aplicable en cada momento, la moral y buenas costumbres generalmente aceptadas y el orden p\u00fablico.<br \/>Queda prohibido realizar, por su parte, cualquier acci\u00f3n que pueda provocar alteraciones de los contenidos de esta web o un mal funcionamiento de la misma, incluyendo la introducci\u00f3n de virus o similares.<br \/><br \/><\/p><p><strong>PROPIEDAD INTELECTUAL<\/strong><br \/>Las p\u00e1ginas de la web y la informaci\u00f3n o los elementos que contiene, incluyen textos, documentos, fotograf\u00edas, dibujos, representaciones gr\u00e1ficas, bases de datos, v\u00eddeos y tambi\u00e9n logotipos, marcas, nombres comerciales, u otros signos distintivos, que est\u00e1n protegidos por derechos de propiedad intelectual o industrial, de los cuales AiB arquitectes t\u00e8cnics sl es titular o licenciataria leg\u00edtima.<br \/>Queda prohibida cualquier modalidad de explotaci\u00f3n, incluyendo cualquier tipo de reproducci\u00f3n, distribuci\u00f3n, cesi\u00f3n a terceros, comunicaci\u00f3n p\u00fablica y transformaci\u00f3n, mediante cualquier tipo de apoyo y medio, sin la autorizaci\u00f3n previa y expresa.<br \/><br \/><\/p><p><strong>RESPONSABILIDAD<\/strong><br \/>Nuestra intenci\u00f3n es la de ofrecer un sitio web que ofrezca un funcionamiento continuado y de m\u00e1xima calidad.<br \/>De todas formas, le informamos que no podemos garantizar el acceso continuado, y que las p\u00e1ginas se puedan encontrar impedidas, o interrumpidas por factores o circunstancias ajenas a nuestra voluntad.<br \/>Arquilleida no es responsable de la informaci\u00f3n y otros contenidos integrados en espacios o p\u00e1ginas web de terceros accesibles mediante enlaces o hiperv\u00ednculos.<br \/>Arquilleida no se hace responsable de los perjuicios que se pudieran derivar, entre otros, de:<br \/>\u2022 Interferencias, interrupciones, fallos, omisiones, aver\u00edas telef\u00f3nicas, retrasos, bloqueos o desconexiones en el funcionamiento del sistema electr\u00f3nico, motivadas por deficiencias, sobrecargas y errores en las l\u00edneas y redes de telecomunicaciones<br \/>\u2022 Intromisiones ileg\u00edtimas mediante el uso de programas malignos de cualquier tipo y a trav\u00e9s de cualquier medio de comunicaci\u00f3n.<br \/>\u2022 Uso indebido o inadecuado del sitio web.<br \/>\u2022 Errores producidos por un mal funcionamiento del navegador o por el uso de versiones no actualizadas del mismo.<br \/>El usuario, en caso de causar da\u00f1os y perjuicios por un uso il\u00edcito o incorrecto de este sitio web, podr\u00e1 ser reclamado de los da\u00f1os o perjuicios causados.<br \/>Asimismo, el usuario responder\u00e1 frente a cualquier da\u00f1o y perjuicio, que se derive del uso por su parte de \u201crobots\u201d, \u201cspiders\u201d, \u2026 o herramientas similares empleadas con el fin de recabar o extraer datos o de cualquier otra actuaci\u00f3n por su parte que imponga una carga irrazonable sobre el funcionamiento del sitio web.<br \/><br \/><\/p><p><strong>LEGISLACI\u00d3N<\/strong><br \/>Cualquier controversia que surja o guarde relaci\u00f3n con el uso de la p\u00e1gina web ser\u00e1 sometida a la jurisdicci\u00f3n no exclusiva de los juzgados y tribunales espa\u00f1oles.<br \/><br \/><\/p><p><strong>Protecci\u00f3n de datos personales<\/strong><br \/>Nuestra web no gestiona datos personales.<br \/><br \/><\/p><p><strong>Cookies<\/strong><br \/>Nuestra web s\u00f3lo gestiona cookies de tipo t\u00e9cnico.<br \/><br \/><\/p>\t\t\t\t\t\t\t\t<\/div>\n\t\t\t\t<\/div>\n\t\t\t\t\t<\/div>\n\t\t<\/div>\n\t\t\t\t\t<\/div>\n\t\t<\/section>\n\t\t\t\t<\/div>\n\t\t","protected":false},"excerpt":{"rendered":"<p>Bienvenido a la p\u00e1gina web de Arquilleida. A continuaci\u00f3n, le exponemos las condiciones de uso de esta p\u00e1gina web. La navegaci\u00f3n por esta p\u00e1gina web le otorga el rol de usuario de la misma y, por tanto, acepta las cl\u00e1usulas detalladas en este documento. IDENTIFICACI\u00d3N De conformidad con lo que dispone el art\u00edculo 10 de &#8230; <a title=\"Aviso legal y pol\u00edtica de cookies\" class=\"read-more\" href=\"https:\/\/arquilleida.com\/es\/aviso-legal-y-politica-de-cookies\/\" aria-label=\"Leer m\u00e1s sobre Aviso legal y pol\u00edtica de cookies\">Leer m\u00e1s<\/a><\/p>\n","protected":false},"author":1,"featured_media":0,"parent":0,"menu_order":0,"comment_status":"closed","ping_status":"closed","template":"","meta":{"footnotes":""},"class_list":["post-71","page","type-page","status-publish"],"yoast_head":"<!-- This site is optimized with the Yoast SEO plugin v27.3 - https:\/\/yoast.com\/product\/yoast-seo-wordpress\/ -->\n<title>Aviso legal y pol\u00edtica de cookies - Arquilleida - Oficina t\u00e8cnica i serveis per a la construcci\u00f3\u2028<\/title>\n<meta name=\"robots\" content=\"noindex, follow\" \/>\n<meta property=\"og:locale\" content=\"es_ES\" \/>\n<meta property=\"og:type\" content=\"article\" \/>\n<meta property=\"og:title\" content=\"Aviso legal y pol\u00edtica de cookies - Arquilleida - Oficina t\u00e8cnica i serveis per a la construcci\u00f3\u2028\" \/>\n<meta property=\"og:description\" content=\"Bienvenido a la p\u00e1gina web de Arquilleida. A continuaci\u00f3n, le exponemos las condiciones de uso de esta p\u00e1gina web. La navegaci\u00f3n por esta p\u00e1gina web le otorga el rol de usuario de la misma y, por tanto, acepta las cl\u00e1usulas detalladas en este documento. IDENTIFICACI\u00d3N De conformidad con lo que dispone el art\u00edculo 10 de ... Leer m\u00e1s\" \/>\n<meta property=\"og:url\" content=\"https:\/\/arquilleida.com\/es\/aviso-legal-y-politica-de-cookies\/\" \/>\n<meta property=\"og:site_name\" content=\"Arquilleida\" \/>\n<meta property=\"article:modified_time\" content=\"2020-01-21T10:41:00+00:00\" \/>\n<meta name=\"twitter:card\" content=\"summary_large_image\" \/>\n<meta name=\"twitter:label1\" content=\"Tiempo de lectura\" \/>\n\t<meta name=\"twitter:data1\" content=\"3 minutos\" \/>\n<script type=\"application\/ld+json\" class=\"yoast-schema-graph\">{\"@context\":\"https:\\\/\\\/schema.org\",\"@graph\":[{\"@type\":\"WebPage\",\"@id\":\"https:\\\/\\\/arquilleida.com\\\/es\\\/aviso-legal-y-politica-de-cookies\\\/\",\"url\":\"https:\\\/\\\/arquilleida.com\\\/es\\\/aviso-legal-y-politica-de-cookies\\\/\",\"name\":\"Aviso legal y pol\u00edtica de cookies - Arquilleida - Oficina t\u00e8cnica i serveis per a la construcci\u00f3\\u2028\",\"isPartOf\":{\"@id\":\"https:\\\/\\\/arquilleida.com\\\/es\\\/#website\"},\"datePublished\":\"2019-12-16T15:37:39+00:00\",\"dateModified\":\"2020-01-21T10:41:00+00:00\",\"breadcrumb\":{\"@id\":\"https:\\\/\\\/arquilleida.com\\\/es\\\/aviso-legal-y-politica-de-cookies\\\/#breadcrumb\"},\"inLanguage\":\"es\",\"potentialAction\":[{\"@type\":\"ReadAction\",\"target\":[\"https:\\\/\\\/arquilleida.com\\\/es\\\/aviso-legal-y-politica-de-cookies\\\/\"]}]},{\"@type\":\"BreadcrumbList\",\"@id\":\"https:\\\/\\\/arquilleida.com\\\/es\\\/aviso-legal-y-politica-de-cookies\\\/#breadcrumb\",\"itemListElement\":[{\"@type\":\"ListItem\",\"position\":1,\"name\":\"Portada\",\"item\":\"https:\\\/\\\/arquilleida.com\\\/es\\\/\"},{\"@type\":\"ListItem\",\"position\":2,\"name\":\"Aviso legal y pol\u00edtica de cookies\"}]},{\"@type\":\"WebSite\",\"@id\":\"https:\\\/\\\/arquilleida.com\\\/es\\\/#website\",\"url\":\"https:\\\/\\\/arquilleida.com\\\/es\\\/\",\"name\":\"Arquilleida\",\"description\":\"Oficina t\u00e8cnica i serveis per a la construcci\u00f3\\u2028\",\"publisher\":{\"@id\":\"https:\\\/\\\/arquilleida.com\\\/es\\\/#organization\"},\"potentialAction\":[{\"@type\":\"SearchAction\",\"target\":{\"@type\":\"EntryPoint\",\"urlTemplate\":\"https:\\\/\\\/arquilleida.com\\\/es\\\/?s={search_term_string}\"},\"query-input\":{\"@type\":\"PropertyValueSpecification\",\"valueRequired\":true,\"valueName\":\"search_term_string\"}}],\"inLanguage\":\"es\"},{\"@type\":\"Organization\",\"@id\":\"https:\\\/\\\/arquilleida.com\\\/es\\\/#organization\",\"name\":\"ARQUILLEIDA\",\"url\":\"https:\\\/\\\/arquilleida.com\\\/es\\\/\",\"logo\":{\"@type\":\"ImageObject\",\"inLanguage\":\"es\",\"@id\":\"https:\\\/\\\/arquilleida.com\\\/es\\\/#\\\/schema\\\/logo\\\/image\\\/\",\"url\":\"https:\\\/\\\/arquilleida.com\\\/es\\\/wp-content\\\/uploads\\\/sites\\\/2\\\/aqruilleida-logo.svg\",\"contentUrl\":\"https:\\\/\\\/arquilleida.com\\\/es\\\/wp-content\\\/uploads\\\/sites\\\/2\\\/aqruilleida-logo.svg\",\"width\":259,\"height\":77,\"caption\":\"ARQUILLEIDA\"},\"image\":{\"@id\":\"https:\\\/\\\/arquilleida.com\\\/es\\\/#\\\/schema\\\/logo\\\/image\\\/\"}}]}<\/script>\n<!-- \/ Yoast SEO plugin. -->","yoast_head_json":{"title":"Aviso legal y pol\u00edtica de cookies - Arquilleida - Oficina t\u00e8cnica i serveis per a la construcci\u00f3\u2028","robots":{"index":"noindex","follow":"follow"},"og_locale":"es_ES","og_type":"article","og_title":"Aviso legal y pol\u00edtica de cookies - Arquilleida - Oficina t\u00e8cnica i serveis per a la construcci\u00f3\u2028","og_description":"Bienvenido a la p\u00e1gina web de Arquilleida. A continuaci\u00f3n, le exponemos las condiciones de uso de esta p\u00e1gina web. La navegaci\u00f3n por esta p\u00e1gina web le otorga el rol de usuario de la misma y, por tanto, acepta las cl\u00e1usulas detalladas en este documento. IDENTIFICACI\u00d3N De conformidad con lo que dispone el art\u00edculo 10 de ... Leer m\u00e1s","og_url":"https:\/\/arquilleida.com\/es\/aviso-legal-y-politica-de-cookies\/","og_site_name":"Arquilleida","article_modified_time":"2020-01-21T10:41:00+00:00","twitter_card":"summary_large_image","twitter_misc":{"Tiempo de lectura":"3 minutos"},"schema":{"@context":"https:\/\/schema.org","@graph":[{"@type":"WebPage","@id":"https:\/\/arquilleida.com\/es\/aviso-legal-y-politica-de-cookies\/","url":"https:\/\/arquilleida.com\/es\/aviso-legal-y-politica-de-cookies\/","name":"Aviso legal y pol\u00edtica de cookies - Arquilleida - Oficina t\u00e8cnica i serveis per a la construcci\u00f3\u2028","isPartOf":{"@id":"https:\/\/arquilleida.com\/es\/#website"},"datePublished":"2019-12-16T15:37:39+00:00","dateModified":"2020-01-21T10:41:00+00:00","breadcrumb":{"@id":"https:\/\/arquilleida.com\/es\/aviso-legal-y-politica-de-cookies\/#breadcrumb"},"inLanguage":"es","potentialAction":[{"@type":"ReadAction","target":["https:\/\/arquilleida.com\/es\/aviso-legal-y-politica-de-cookies\/"]}]},{"@type":"BreadcrumbList","@id":"https:\/\/arquilleida.com\/es\/aviso-legal-y-politica-de-cookies\/#breadcrumb","itemListElement":[{"@type":"ListItem","position":1,"name":"Portada","item":"https:\/\/arquilleida.com\/es\/"},{"@type":"ListItem","position":2,"name":"Aviso legal y pol\u00edtica de cookies"}]},{"@type":"WebSite","@id":"https:\/\/arquilleida.com\/es\/#website","url":"https:\/\/arquilleida.com\/es\/","name":"Arquilleida","description":"Oficina t\u00e8cnica i serveis per a la construcci\u00f3\u2028","publisher":{"@id":"https:\/\/arquilleida.com\/es\/#organization"},"potentialAction":[{"@type":"SearchAction","target":{"@type":"EntryPoint","urlTemplate":"https:\/\/arquilleida.com\/es\/?s={search_term_string}"},"query-input":{"@type":"PropertyValueSpecification","valueRequired":true,"valueName":"search_term_string"}}],"inLanguage":"es"},{"@type":"Organization","@id":"https:\/\/arquilleida.com\/es\/#organization","name":"ARQUILLEIDA","url":"https:\/\/arquilleida.com\/es\/","logo":{"@type":"ImageObject","inLanguage":"es","@id":"https:\/\/arquilleida.com\/es\/#\/schema\/logo\/image\/","url":"https:\/\/arquilleida.com\/es\/wp-content\/uploads\/sites\/2\/aqruilleida-logo.svg","contentUrl":"https:\/\/arquilleida.com\/es\/wp-content\/uploads\/sites\/2\/aqruilleida-logo.svg","width":259,"height":77,"caption":"ARQUILLEIDA"},"image":{"@id":"https:\/\/arquilleida.com\/es\/#\/schema\/logo\/image\/"}}]}},"_links":{"self":[{"href":"https:\/\/arquilleida.com\/es\/wp-json\/wp\/v2\/pages\/71","targetHints":{"allow":["GET"]}}],"collection":[{"href":"https:\/\/arquilleida.com\/es\/wp-json\/wp\/v2\/pages"}],"about":[{"href":"https:\/\/arquilleida.com\/es\/wp-json\/wp\/v2\/types\/page"}],"author":[{"embeddable":true,"href":"https:\/\/arquilleida.com\/es\/wp-json\/wp\/v2\/users\/1"}],"replies":[{"embeddable":true,"href":"https:\/\/arquilleida.com\/es\/wp-json\/wp\/v2\/comments?post=71"}],"version-history":[{"count":6,"href":"https:\/\/arquilleida.com\/es\/wp-json\/wp\/v2\/pages\/71\/revisions"}],"predecessor-version":[{"id":361,"href":"https:\/\/arquilleida.com\/es\/wp-json\/wp\/v2\/pages\/71\/revisions\/361"}],"wp:attachment":[{"href":"https:\/\/arquilleida.com\/es\/wp-json\/wp\/v2\/media?parent=71"}],"curies":[{"name":"wp","href":"https:\/\/api.w.org\/{rel}","templated":true}]}}