{"id":53,"date":"2019-12-16T16:35:37","date_gmt":"2019-12-16T15:35:37","guid":{"rendered":"https:\/\/arquilleida.com\/?page_id=53"},"modified":"2020-01-22T16:36:23","modified_gmt":"2020-01-22T15:36:23","slug":"servicios","status":"publish","type":"page","link":"https:\/\/arquilleida.com\/es\/servicios\/","title":{"rendered":"Servicios"},"content":{"rendered":"\t\t<div data-elementor-type=\"wp-page\" data-elementor-id=\"53\" class=\"elementor elementor-53\" data-elementor-post-type=\"page\">\n\t\t\t\t\t\t<section class=\"elementor-section elementor-top-section elementor-element elementor-element-6cea830 elementor-section-boxed elementor-section-height-default elementor-section-height-default\" data-id=\"6cea830\" data-element_type=\"section\" data-e-type=\"section\">\n\t\t\t\t\t\t<div class=\"elementor-container elementor-column-gap-default\">\n\t\t\t\t\t<div class=\"elementor-column elementor-col-100 elementor-top-column elementor-element elementor-element-ed31b8b\" data-id=\"ed31b8b\" data-element_type=\"column\" data-e-type=\"column\">\n\t\t\t<div class=\"elementor-widget-wrap elementor-element-populated\">\n\t\t\t\t\t\t<div class=\"elementor-element elementor-element-face350 elementor-hidden-desktop elementor-hidden-tablet elementor-hidden-phone elementor-widget elementor-widget-heading\" data-id=\"face350\" data-element_type=\"widget\" data-e-type=\"widget\" data-widget_type=\"heading.default\">\n\t\t\t\t<div class=\"elementor-widget-container\">\n\t\t\t\t\t<h1 class=\"elementor-heading-title elementor-size-default\">Servicios<\/h1>\t\t\t\t<\/div>\n\t\t\t\t<\/div>\n\t\t\t\t\t<\/div>\n\t\t<\/div>\n\t\t\t\t\t<\/div>\n\t\t<\/section>\n\t\t\t\t<section class=\"elementor-section elementor-top-section elementor-element elementor-element-80bd08a elementor-section-boxed elementor-section-height-default elementor-section-height-default\" data-id=\"80bd08a\" data-element_type=\"section\" data-e-type=\"section\">\n\t\t\t\t\t\t<div class=\"elementor-container elementor-column-gap-default\">\n\t\t\t\t\t<div class=\"elementor-column elementor-col-25 elementor-top-column elementor-element elementor-element-03d7a21\" data-id=\"03d7a21\" data-element_type=\"column\" data-e-type=\"column\">\n\t\t\t<div class=\"elementor-widget-wrap elementor-element-populated\">\n\t\t\t\t\t\t<div class=\"elementor-element elementor-element-3013125 conmutador_serveis elementor-widget elementor-widget-toggle\" data-id=\"3013125\" data-element_type=\"widget\" data-e-type=\"widget\" data-widget_type=\"toggle.default\">\n\t\t\t\t<div class=\"elementor-widget-container\">\n\t\t\t\t\t\t\t<div class=\"elementor-toggle\">\n\t\t\t\t\t\t\t<div class=\"elementor-toggle-item\">\n\t\t\t\t\t<div id=\"elementor-tab-title-5041\" class=\"elementor-tab-title\" data-tab=\"1\" role=\"button\" aria-controls=\"elementor-tab-content-5041\" aria-expanded=\"false\">\n\t\t\t\t\t\t\t\t\t\t\t\t<a class=\"elementor-toggle-title\" tabindex=\"0\"><span class=\"titol_servei\">PROJECT MANAGEMENT<\/span><img decoding=\"async\" src=\"https:\/\/arquilleida.com\/wp-content\/uploads\/arquilleida-serveis-1.jpg\" class=\"img_servei_click imgserveiPC\"><img decoding=\"async\" src=\"https:\/\/arquilleida.com\/wp-content\/uploads\/arquilleida-serveis-1m.jpg\" class=\"img_servei_click imgserveiMB\"><\/a>\n\t\t\t\t\t<\/div>\n\n\t\t\t\t\t<div id=\"elementor-tab-content-5041\" class=\"elementor-tab-content elementor-clearfix\" data-tab=\"1\" role=\"region\" aria-labelledby=\"elementor-tab-title-5041\"><p>Disciplina que abarca la organizaci\u00f3n, planteamiento, motivaci\u00f3n y control de recursos con el fin de lograr los objetivos propuestos por el cliente para garantizar as\u00ed el \u00e9xito de los proyectos dentro de las limitaciones establecidas por el tiempo, la calidad y el presupuesto.<\/p><\/div>\n\t\t\t\t<\/div>\n\t\t\t\t\t\t\t<div class=\"elementor-toggle-item\">\n\t\t\t\t\t<div id=\"elementor-tab-title-5042\" class=\"elementor-tab-title\" data-tab=\"2\" role=\"button\" aria-controls=\"elementor-tab-content-5042\" aria-expanded=\"false\">\n\t\t\t\t\t\t\t\t\t\t\t\t<a class=\"elementor-toggle-title\" tabindex=\"0\"><span class=\"titol_servei\">C\u00e9dulas de habitabilidad y cert. energ\u00e9ticos<\/span><img decoding=\"async\" src=\"https:\/\/arquilleida.com\/wp-content\/uploads\/arquilleida-serveis-5.jpg\" class=\"img_servei_click imgserveiPC\"><img decoding=\"async\" src=\"https:\/\/arquilleida.com\/wp-content\/uploads\/arquilleida-serveis-5m.jpg\" class=\"img_servei_click imgserveiMB\"><\/a>\n\t\t\t\t\t<\/div>\n\n\t\t\t\t\t<div id=\"elementor-tab-content-5042\" class=\"elementor-tab-content elementor-clearfix\" data-tab=\"2\" role=\"region\" aria-labelledby=\"elementor-tab-title-5042\"><p>La c\u00e9dula es un documento administrativo que acredita que una vivienda cumple las condiciones m\u00ednimas de habitabilidad seg\u00fan la normativa vigente.<\/p><p>El certificado energ\u00e9tico incorpora los aspectos energ\u00e9ticos del domicilio para permitir una mejor evaluaci\u00f3n y calificaci\u00f3n de todos los elementos que conforman el inmueble.<\/p><\/div>\n\t\t\t\t<\/div>\n\t\t\t\t\t\t\t\t<\/div>\n\t\t\t\t\t\t<\/div>\n\t\t\t\t<\/div>\n\t\t\t\t\t<\/div>\n\t\t<\/div>\n\t\t\t\t<div class=\"elementor-column elementor-col-25 elementor-top-column elementor-element elementor-element-4717448\" data-id=\"4717448\" data-element_type=\"column\" data-e-type=\"column\">\n\t\t\t<div class=\"elementor-widget-wrap elementor-element-populated\">\n\t\t\t\t\t\t<div class=\"elementor-element elementor-element-894ffcf conmutador_serveis elementor-widget elementor-widget-toggle\" data-id=\"894ffcf\" data-element_type=\"widget\" data-e-type=\"widget\" data-widget_type=\"toggle.default\">\n\t\t\t\t<div class=\"elementor-widget-container\">\n\t\t\t\t\t\t\t<div class=\"elementor-toggle\">\n\t\t\t\t\t\t\t<div class=\"elementor-toggle-item\">\n\t\t\t\t\t<div id=\"elementor-tab-title-1431\" class=\"elementor-tab-title\" data-tab=\"1\" role=\"button\" aria-controls=\"elementor-tab-content-1431\" aria-expanded=\"false\">\n\t\t\t\t\t\t\t\t\t\t\t\t<a class=\"elementor-toggle-title\" tabindex=\"0\"><span class=\"titol_servei\"> Proyectos de obra y rehabilitaci\u00f3n <\/span><img decoding=\"async\" src=\"https:\/\/arquilleida.com\/wp-content\/uploads\/arquilleida-serveis-2.jpg\" class=\"img_servei_click imgserveiPC\"><img decoding=\"async\" src=\"https:\/\/arquilleida.com\/wp-content\/uploads\/arquilleida-serveis-2m.jpg\" class=\"img_servei_click imgserveiMB\"><\/a>\n\t\t\t\t\t<\/div>\n\n\t\t\t\t\t<div id=\"elementor-tab-content-1431\" class=\"elementor-tab-content elementor-clearfix\" data-tab=\"1\" role=\"region\" aria-labelledby=\"elementor-tab-title-1431\"><p>Campo de la arquitectura e ingenier\u00eda civil que desarrolla la distribuci\u00f3n de usos y espacios, la utilizaci\u00f3n de materiales y tecnolog\u00edas, y la justificaci\u00f3n t\u00e9cnica del cumplimiento de las especificaciones requeridas por la normativa t\u00e9cnica aplicable.<\/p><\/div>\n\t\t\t\t<\/div>\n\t\t\t\t\t\t\t<div class=\"elementor-toggle-item\">\n\t\t\t\t\t<div id=\"elementor-tab-title-1432\" class=\"elementor-tab-title\" data-tab=\"2\" role=\"button\" aria-controls=\"elementor-tab-content-1432\" aria-expanded=\"false\">\n\t\t\t\t\t\t\t\t\t\t\t\t<a class=\"elementor-toggle-title\" tabindex=\"0\"><span class=\"titol_servei\"> ITE (Inspecci\u00f3n T\u00e9cnica de Edificios) <\/span><img decoding=\"async\" src=\"https:\/\/arquilleida.com\/wp-content\/uploads\/arquilleida-serveis-6.jpg\" class=\"img_servei_click imgserveiPC\"><img decoding=\"async\" src=\"https:\/\/arquilleida.com\/wp-content\/uploads\/arquilleida-serveis-6m.jpg\" class=\"img_servei_click imgserveiMB\"><\/a>\n\t\t\t\t\t<\/div>\n\n\t\t\t\t\t<div id=\"elementor-tab-content-1432\" class=\"elementor-tab-content elementor-clearfix\" data-tab=\"2\" role=\"region\" aria-labelledby=\"elementor-tab-title-1432\"><p>Control t\u00e9cnico para el mantenimiento legal preventivo y correctivo de una serie de elementos que afectan a la seguridad de un inmueble y de las personas que lo habitan. Se comprueban las condiciones de seguridad, estabilidad y consolidaci\u00f3n de los edificios.<\/p><\/div>\n\t\t\t\t<\/div>\n\t\t\t\t\t\t\t\t<\/div>\n\t\t\t\t\t\t<\/div>\n\t\t\t\t<\/div>\n\t\t\t\t\t<\/div>\n\t\t<\/div>\n\t\t\t\t<div class=\"elementor-column elementor-col-25 elementor-top-column elementor-element elementor-element-4530a5d\" data-id=\"4530a5d\" data-element_type=\"column\" data-e-type=\"column\">\n\t\t\t<div class=\"elementor-widget-wrap elementor-element-populated\">\n\t\t\t\t\t\t<div class=\"elementor-element elementor-element-fafbf45 conmutador_serveis elementor-widget elementor-widget-toggle\" data-id=\"fafbf45\" data-element_type=\"widget\" data-e-type=\"widget\" data-widget_type=\"toggle.default\">\n\t\t\t\t<div class=\"elementor-widget-container\">\n\t\t\t\t\t\t\t<div class=\"elementor-toggle\">\n\t\t\t\t\t\t\t<div class=\"elementor-toggle-item\">\n\t\t\t\t\t<div id=\"elementor-tab-title-2631\" class=\"elementor-tab-title\" data-tab=\"1\" role=\"button\" aria-controls=\"elementor-tab-content-2631\" aria-expanded=\"false\">\n\t\t\t\t\t\t\t\t\t\t\t\t<a class=\"elementor-toggle-title\" tabindex=\"0\"><span class=\"titol_servei\"> Direcciones de obra<\/span><img decoding=\"async\" src=\"https:\/\/arquilleida.com\/wp-content\/uploads\/arquilleida-serveis-3.jpg\" class=\"img_servei_click imgserveiPC\"><img decoding=\"async\" src=\"https:\/\/arquilleida.com\/wp-content\/uploads\/arquilleida-serveis-3m.jpg\" class=\"img_servei_click imgserveiMB\"><\/a>\n\t\t\t\t\t<\/div>\n\n\t\t\t\t\t<div id=\"elementor-tab-content-2631\" class=\"elementor-tab-content elementor-clearfix\" data-tab=\"1\" role=\"region\" aria-labelledby=\"elementor-tab-title-2631\"><p>Control de la obra desde el punto de vista de los aspectos t\u00e9cnicos, est\u00e9ticos, urban\u00edsticos y medioambientales, seg\u00fan la conformidad del proyecto de obra que lo defina y la licencia de edificaci\u00f3n, as\u00ed como el resto de autorizaciones perceptivas.<\/p><\/div>\n\t\t\t\t<\/div>\n\t\t\t\t\t\t\t<div class=\"elementor-toggle-item\">\n\t\t\t\t\t<div id=\"elementor-tab-title-2632\" class=\"elementor-tab-title\" data-tab=\"2\" role=\"button\" aria-controls=\"elementor-tab-content-2632\" aria-expanded=\"false\">\n\t\t\t\t\t\t\t\t\t\t\t\t<a class=\"elementor-toggle-title\" tabindex=\"0\"><span class=\"titol_servei\"> Consultor\u00eda y asesor\u00eda t\u00e9cnica<\/span><img decoding=\"async\" src=\"https:\/\/arquilleida.com\/wp-content\/uploads\/arquilleida-serveis-7.jpg\" class=\"img_servei_click imgserveiPC\"><img decoding=\"async\" src=\"https:\/\/arquilleida.com\/wp-content\/uploads\/arquilleida-serveis-7m.jpg\" class=\"img_servei_click imgserveiMB\"><\/a>\n\t\t\t\t\t<\/div>\n\n\t\t\t\t\t<div id=\"elementor-tab-content-2632\" class=\"elementor-tab-content elementor-clearfix\" data-tab=\"2\" role=\"region\" aria-labelledby=\"elementor-tab-title-2632\"><p>Soluciones profesionales y t\u00e9cnicas que la empresa planifica, desarrolla y materializa en cualquier iniciativa que requiera conocimientos y habilidades en los campos de la construcci\u00f3n, la ingenier\u00eda, la arquitectura, el dise\u00f1o industrial, la gerencia de proyectos, etc. para un desarrollo exitoso del proyecto.<\/p><\/div>\n\t\t\t\t<\/div>\n\t\t\t\t\t\t\t\t<\/div>\n\t\t\t\t\t\t<\/div>\n\t\t\t\t<\/div>\n\t\t\t\t\t<\/div>\n\t\t<\/div>\n\t\t\t\t<div class=\"elementor-column elementor-col-25 elementor-top-column elementor-element elementor-element-e3dcf5f\" data-id=\"e3dcf5f\" data-element_type=\"column\" data-e-type=\"column\">\n\t\t\t<div class=\"elementor-widget-wrap elementor-element-populated\">\n\t\t\t\t\t\t<div class=\"elementor-element elementor-element-e92b45f conmutador_serveis elementor-widget elementor-widget-toggle\" data-id=\"e92b45f\" data-element_type=\"widget\" data-e-type=\"widget\" data-widget_type=\"toggle.default\">\n\t\t\t\t<div class=\"elementor-widget-container\">\n\t\t\t\t\t\t\t<div class=\"elementor-toggle\">\n\t\t\t\t\t\t\t<div class=\"elementor-toggle-item\">\n\t\t\t\t\t<div id=\"elementor-tab-title-2441\" class=\"elementor-tab-title\" data-tab=\"1\" role=\"button\" aria-controls=\"elementor-tab-content-2441\" aria-expanded=\"false\">\n\t\t\t\t\t\t\t\t\t\t\t\t<a class=\"elementor-toggle-title\" tabindex=\"0\"><span class=\"titol_servei\"> Coordinaci\u00f3n de seguridad y salud<\/span><img decoding=\"async\" src=\"https:\/\/arquilleida.com\/wp-content\/uploads\/arquilleida-serveis-4.jpg\" class=\"img_servei_click imgserveiPC\"><img decoding=\"async\" src=\"https:\/\/arquilleida.com\/wp-content\/uploads\/arquilleida-serveis-1m.jpg\" class=\"img_servei_click imgserveiMB\"><\/a>\n\t\t\t\t\t<\/div>\n\n\t\t\t\t\t<div id=\"elementor-tab-content-2441\" class=\"elementor-tab-content elementor-clearfix\" data-tab=\"1\" role=\"region\" aria-labelledby=\"elementor-tab-title-2441\"><p>Supervisi\u00f3n y organizaci\u00f3n de los elementos de seguridad y salud en las obras de construcci\u00f3n, tanto en la fase de proyecto como en la de ejecuci\u00f3n. La finalidad es preservar la integridad f\u00edsica de todos los que en ella intervienen. Facilita el apoyo t\u00e9cnico para adaptar las pr\u00e1cticas constructivas a los requerimientos de seguridad de la legislaci\u00f3n vigente.<\/p><\/div>\n\t\t\t\t<\/div>\n\t\t\t\t\t\t\t<div class=\"elementor-toggle-item\">\n\t\t\t\t\t<div id=\"elementor-tab-title-2442\" class=\"elementor-tab-title\" data-tab=\"2\" role=\"button\" aria-controls=\"elementor-tab-content-2442\" aria-expanded=\"false\">\n\t\t\t\t\t\t\t\t\t\t\t\t<a class=\"elementor-toggle-title\" tabindex=\"0\"><span class=\"titol_servei\"> Informes periciales<\/span><img decoding=\"async\" src=\"https:\/\/arquilleida.com\/wp-content\/uploads\/arquilleida-serveis-8.jpg\" class=\"img_servei_click imgserveiPC\"><img decoding=\"async\" src=\"https:\/\/arquilleida.com\/wp-content\/uploads\/arquilleida-serveis-8m.jpg\" class=\"img_servei_click imgserveiMB\"><\/a>\n\t\t\t\t\t<\/div>\n\n\t\t\t\t\t<div id=\"elementor-tab-content-2442\" class=\"elementor-tab-content elementor-clearfix\" data-tab=\"2\" role=\"region\" aria-labelledby=\"elementor-tab-title-2442\"><p>Exposici\u00f3n de hechos y reflexiones que realiza un perito t\u00e9cnico. Informan de las patolog\u00edas constructivas o de la tasaci\u00f3n de un inmueble, donde se efect\u00faa una valoraci\u00f3n econ\u00f3mica de su reparaci\u00f3n.<\/p><\/div>\n\t\t\t\t<\/div>\n\t\t\t\t\t\t\t\t<\/div>\n\t\t\t\t\t\t<\/div>\n\t\t\t\t<\/div>\n\t\t\t\t\t<\/div>\n\t\t<\/div>\n\t\t\t\t\t<\/div>\n\t\t<\/section>\n\t\t\t\t<section class=\"elementor-section elementor-top-section elementor-element elementor-element-baf5401 elementor-section-boxed elementor-section-height-default elementor-section-height-default\" data-id=\"baf5401\" data-element_type=\"section\" data-e-type=\"section\">\n\t\t\t\t\t\t<div class=\"elementor-container elementor-column-gap-default\">\n\t\t\t\t\t<div class=\"elementor-column elementor-col-100 elementor-top-column elementor-element elementor-element-c3ff56e\" data-id=\"c3ff56e\" data-element_type=\"column\" data-e-type=\"column\">\n\t\t\t<div class=\"elementor-widget-wrap elementor-element-populated\">\n\t\t\t\t\t\t<div class=\"elementor-element elementor-element-783ab05 elementor-widget elementor-widget-heading\" data-id=\"783ab05\" data-element_type=\"widget\" data-e-type=\"widget\" data-widget_type=\"heading.default\">\n\t\t\t\t<div class=\"elementor-widget-container\">\n\t\t\t\t\t<h3 class=\"elementor-heading-title elementor-size-default\">Tambi\u00e9n damos apoyo a los profesionales t\u00e9cnicos y de la construcci\u00f3n<\/h3>\t\t\t\t<\/div>\n\t\t\t\t<\/div>\n\t\t\t\t\t<\/div>\n\t\t<\/div>\n\t\t\t\t\t<\/div>\n\t\t<\/section>\n\t\t\t\t<\/div>\n\t\t","protected":false},"excerpt":{"rendered":"<p>PROJECT MANAGEMENT Disciplina que abarca la organizaci\u00f3n, planteamiento, motivaci\u00f3n y control de recursos con el fin de lograr los objetivos propuestos por el cliente para garantizar as\u00ed el \u00e9xito de los proyectos dentro de las limitaciones establecidas por el tiempo, la calidad y el presupuesto. C\u00e9dulas de habitabilidad y cert. energ\u00e9ticos La c\u00e9dula es un &#8230; <a title=\"Servicios\" class=\"read-more\" href=\"https:\/\/arquilleida.com\/es\/servicios\/\" aria-label=\"Leer m\u00e1s sobre Servicios\">Leer m\u00e1s<\/a><\/p>\n","protected":false},"author":1,"featured_media":0,"parent":0,"menu_order":0,"comment_status":"closed","ping_status":"closed","template":"","meta":{"footnotes":""},"class_list":["post-53","page","type-page","status-publish"],"yoast_head":"<!-- This site is optimized with the Yoast SEO plugin v27.3 - https:\/\/yoast.com\/product\/yoast-seo-wordpress\/ -->\n<title>Servicios - Arquilleida - Oficina t\u00e8cnica i serveis per a la construcci\u00f3\u2028<\/title>\n<meta name=\"robots\" content=\"index, follow, max-snippet:-1, max-image-preview:large, max-video-preview:-1\" \/>\n<link rel=\"canonical\" href=\"https:\/\/arquilleida.com\/es\/servicios\/\" \/>\n<meta property=\"og:locale\" content=\"es_ES\" \/>\n<meta property=\"og:type\" content=\"article\" \/>\n<meta property=\"og:title\" content=\"Servicios - Arquilleida - Oficina t\u00e8cnica i serveis per a la construcci\u00f3\u2028\" \/>\n<meta property=\"og:description\" content=\"PROJECT MANAGEMENT Disciplina que abarca la organizaci\u00f3n, planteamiento, motivaci\u00f3n y control de recursos con el fin de lograr los objetivos propuestos por el cliente para garantizar as\u00ed el \u00e9xito de los proyectos dentro de las limitaciones establecidas por el tiempo, la calidad y el presupuesto. C\u00e9dulas de habitabilidad y cert. energ\u00e9ticos La c\u00e9dula es un ... Leer m\u00e1s\" \/>\n<meta property=\"og:url\" content=\"https:\/\/arquilleida.com\/es\/servicios\/\" \/>\n<meta property=\"og:site_name\" content=\"Arquilleida\" \/>\n<meta property=\"article:modified_time\" content=\"2020-01-22T15:36:23+00:00\" \/>\n<meta property=\"og:image\" content=\"https:\/\/arquilleida.com\/wp-content\/uploads\/arquilleida-serveis-1.jpg\" \/>\n<meta name=\"twitter:card\" content=\"summary_large_image\" \/>\n<meta name=\"twitter:label1\" content=\"Tiempo de lectura\" \/>\n\t<meta name=\"twitter:data1\" content=\"2 minutos\" \/>\n<script type=\"application\/ld+json\" class=\"yoast-schema-graph\">{\"@context\":\"https:\\\/\\\/schema.org\",\"@graph\":[{\"@type\":\"WebPage\",\"@id\":\"https:\\\/\\\/arquilleida.com\\\/es\\\/servicios\\\/\",\"url\":\"https:\\\/\\\/arquilleida.com\\\/es\\\/servicios\\\/\",\"name\":\"Servicios - Arquilleida - Oficina t\u00e8cnica i serveis per a la construcci\u00f3\\u2028\",\"isPartOf\":{\"@id\":\"https:\\\/\\\/arquilleida.com\\\/es\\\/#website\"},\"primaryImageOfPage\":{\"@id\":\"https:\\\/\\\/arquilleida.com\\\/es\\\/servicios\\\/#primaryimage\"},\"image\":{\"@id\":\"https:\\\/\\\/arquilleida.com\\\/es\\\/servicios\\\/#primaryimage\"},\"thumbnailUrl\":\"https:\\\/\\\/arquilleida.com\\\/wp-content\\\/uploads\\\/arquilleida-serveis-1.jpg\",\"datePublished\":\"2019-12-16T15:35:37+00:00\",\"dateModified\":\"2020-01-22T15:36:23+00:00\",\"breadcrumb\":{\"@id\":\"https:\\\/\\\/arquilleida.com\\\/es\\\/servicios\\\/#breadcrumb\"},\"inLanguage\":\"es\",\"potentialAction\":[{\"@type\":\"ReadAction\",\"target\":[\"https:\\\/\\\/arquilleida.com\\\/es\\\/servicios\\\/\"]}]},{\"@type\":\"ImageObject\",\"inLanguage\":\"es\",\"@id\":\"https:\\\/\\\/arquilleida.com\\\/es\\\/servicios\\\/#primaryimage\",\"url\":\"https:\\\/\\\/arquilleida.com\\\/wp-content\\\/uploads\\\/arquilleida-serveis-1.jpg\",\"contentUrl\":\"https:\\\/\\\/arquilleida.com\\\/wp-content\\\/uploads\\\/arquilleida-serveis-1.jpg\"},{\"@type\":\"BreadcrumbList\",\"@id\":\"https:\\\/\\\/arquilleida.com\\\/es\\\/servicios\\\/#breadcrumb\",\"itemListElement\":[{\"@type\":\"ListItem\",\"position\":1,\"name\":\"Portada\",\"item\":\"https:\\\/\\\/arquilleida.com\\\/es\\\/\"},{\"@type\":\"ListItem\",\"position\":2,\"name\":\"Servicios\"}]},{\"@type\":\"WebSite\",\"@id\":\"https:\\\/\\\/arquilleida.com\\\/es\\\/#website\",\"url\":\"https:\\\/\\\/arquilleida.com\\\/es\\\/\",\"name\":\"Arquilleida\",\"description\":\"Oficina t\u00e8cnica i serveis per a la construcci\u00f3\\u2028\",\"publisher\":{\"@id\":\"https:\\\/\\\/arquilleida.com\\\/es\\\/#organization\"},\"potentialAction\":[{\"@type\":\"SearchAction\",\"target\":{\"@type\":\"EntryPoint\",\"urlTemplate\":\"https:\\\/\\\/arquilleida.com\\\/es\\\/?s={search_term_string}\"},\"query-input\":{\"@type\":\"PropertyValueSpecification\",\"valueRequired\":true,\"valueName\":\"search_term_string\"}}],\"inLanguage\":\"es\"},{\"@type\":\"Organization\",\"@id\":\"https:\\\/\\\/arquilleida.com\\\/es\\\/#organization\",\"name\":\"ARQUILLEIDA\",\"url\":\"https:\\\/\\\/arquilleida.com\\\/es\\\/\",\"logo\":{\"@type\":\"ImageObject\",\"inLanguage\":\"es\",\"@id\":\"https:\\\/\\\/arquilleida.com\\\/es\\\/#\\\/schema\\\/logo\\\/image\\\/\",\"url\":\"https:\\\/\\\/arquilleida.com\\\/es\\\/wp-content\\\/uploads\\\/sites\\\/2\\\/aqruilleida-logo.svg\",\"contentUrl\":\"https:\\\/\\\/arquilleida.com\\\/es\\\/wp-content\\\/uploads\\\/sites\\\/2\\\/aqruilleida-logo.svg\",\"width\":259,\"height\":77,\"caption\":\"ARQUILLEIDA\"},\"image\":{\"@id\":\"https:\\\/\\\/arquilleida.com\\\/es\\\/#\\\/schema\\\/logo\\\/image\\\/\"}}]}<\/script>\n<!-- \/ Yoast SEO plugin. -->","yoast_head_json":{"title":"Servicios - Arquilleida - Oficina t\u00e8cnica i serveis per a la construcci\u00f3\u2028","robots":{"index":"index","follow":"follow","max-snippet":"max-snippet:-1","max-image-preview":"max-image-preview:large","max-video-preview":"max-video-preview:-1"},"canonical":"https:\/\/arquilleida.com\/es\/servicios\/","og_locale":"es_ES","og_type":"article","og_title":"Servicios - Arquilleida - Oficina t\u00e8cnica i serveis per a la construcci\u00f3\u2028","og_description":"PROJECT MANAGEMENT Disciplina que abarca la organizaci\u00f3n, planteamiento, motivaci\u00f3n y control de recursos con el fin de lograr los objetivos propuestos por el cliente para garantizar as\u00ed el \u00e9xito de los proyectos dentro de las limitaciones establecidas por el tiempo, la calidad y el presupuesto. C\u00e9dulas de habitabilidad y cert. energ\u00e9ticos La c\u00e9dula es un ... Leer m\u00e1s","og_url":"https:\/\/arquilleida.com\/es\/servicios\/","og_site_name":"Arquilleida","article_modified_time":"2020-01-22T15:36:23+00:00","og_image":[{"url":"https:\/\/arquilleida.com\/wp-content\/uploads\/arquilleida-serveis-1.jpg","type":"","width":"","height":""}],"twitter_card":"summary_large_image","twitter_misc":{"Tiempo de lectura":"2 minutos"},"schema":{"@context":"https:\/\/schema.org","@graph":[{"@type":"WebPage","@id":"https:\/\/arquilleida.com\/es\/servicios\/","url":"https:\/\/arquilleida.com\/es\/servicios\/","name":"Servicios - Arquilleida - Oficina t\u00e8cnica i serveis per a la construcci\u00f3\u2028","isPartOf":{"@id":"https:\/\/arquilleida.com\/es\/#website"},"primaryImageOfPage":{"@id":"https:\/\/arquilleida.com\/es\/servicios\/#primaryimage"},"image":{"@id":"https:\/\/arquilleida.com\/es\/servicios\/#primaryimage"},"thumbnailUrl":"https:\/\/arquilleida.com\/wp-content\/uploads\/arquilleida-serveis-1.jpg","datePublished":"2019-12-16T15:35:37+00:00","dateModified":"2020-01-22T15:36:23+00:00","breadcrumb":{"@id":"https:\/\/arquilleida.com\/es\/servicios\/#breadcrumb"},"inLanguage":"es","potentialAction":[{"@type":"ReadAction","target":["https:\/\/arquilleida.com\/es\/servicios\/"]}]},{"@type":"ImageObject","inLanguage":"es","@id":"https:\/\/arquilleida.com\/es\/servicios\/#primaryimage","url":"https:\/\/arquilleida.com\/wp-content\/uploads\/arquilleida-serveis-1.jpg","contentUrl":"https:\/\/arquilleida.com\/wp-content\/uploads\/arquilleida-serveis-1.jpg"},{"@type":"BreadcrumbList","@id":"https:\/\/arquilleida.com\/es\/servicios\/#breadcrumb","itemListElement":[{"@type":"ListItem","position":1,"name":"Portada","item":"https:\/\/arquilleida.com\/es\/"},{"@type":"ListItem","position":2,"name":"Servicios"}]},{"@type":"WebSite","@id":"https:\/\/arquilleida.com\/es\/#website","url":"https:\/\/arquilleida.com\/es\/","name":"Arquilleida","description":"Oficina t\u00e8cnica i serveis per a la construcci\u00f3\u2028","publisher":{"@id":"https:\/\/arquilleida.com\/es\/#organization"},"potentialAction":[{"@type":"SearchAction","target":{"@type":"EntryPoint","urlTemplate":"https:\/\/arquilleida.com\/es\/?s={search_term_string}"},"query-input":{"@type":"PropertyValueSpecification","valueRequired":true,"valueName":"search_term_string"}}],"inLanguage":"es"},{"@type":"Organization","@id":"https:\/\/arquilleida.com\/es\/#organization","name":"ARQUILLEIDA","url":"https:\/\/arquilleida.com\/es\/","logo":{"@type":"ImageObject","inLanguage":"es","@id":"https:\/\/arquilleida.com\/es\/#\/schema\/logo\/image\/","url":"https:\/\/arquilleida.com\/es\/wp-content\/uploads\/sites\/2\/aqruilleida-logo.svg","contentUrl":"https:\/\/arquilleida.com\/es\/wp-content\/uploads\/sites\/2\/aqruilleida-logo.svg","width":259,"height":77,"caption":"ARQUILLEIDA"},"image":{"@id":"https:\/\/arquilleida.com\/es\/#\/schema\/logo\/image\/"}}]}},"_links":{"self":[{"href":"https:\/\/arquilleida.com\/es\/wp-json\/wp\/v2\/pages\/53","targetHints":{"allow":["GET"]}}],"collection":[{"href":"https:\/\/arquilleida.com\/es\/wp-json\/wp\/v2\/pages"}],"about":[{"href":"https:\/\/arquilleida.com\/es\/wp-json\/wp\/v2\/types\/page"}],"author":[{"embeddable":true,"href":"https:\/\/arquilleida.com\/es\/wp-json\/wp\/v2\/users\/1"}],"replies":[{"embeddable":true,"href":"https:\/\/arquilleida.com\/es\/wp-json\/wp\/v2\/comments?post=53"}],"version-history":[{"count":6,"href":"https:\/\/arquilleida.com\/es\/wp-json\/wp\/v2\/pages\/53\/revisions"}],"predecessor-version":[{"id":365,"href":"https:\/\/arquilleida.com\/es\/wp-json\/wp\/v2\/pages\/53\/revisions\/365"}],"wp:attachment":[{"href":"https:\/\/arquilleida.com\/es\/wp-json\/wp\/v2\/media?parent=53"}],"curies":[{"name":"wp","href":"https:\/\/api.w.org\/{rel}","templated":true}]}}