{"id":53,"date":"2019-12-16T16:35:37","date_gmt":"2019-12-16T15:35:37","guid":{"rendered":"https:\/\/arquilleida.com\/?page_id=53"},"modified":"2020-01-20T16:24:49","modified_gmt":"2020-01-20T15:24:49","slug":"leistungen","status":"publish","type":"page","link":"https:\/\/arquilleida.com\/de\/leistungen\/","title":{"rendered":"LEISTUNGEN"},"content":{"rendered":"\t\t<div data-elementor-type=\"wp-page\" data-elementor-id=\"53\" class=\"elementor elementor-53\" data-elementor-post-type=\"page\">\n\t\t\t\t\t\t<section class=\"elementor-section elementor-top-section elementor-element elementor-element-6cea830 elementor-section-boxed elementor-section-height-default elementor-section-height-default\" data-id=\"6cea830\" data-element_type=\"section\" data-e-type=\"section\">\n\t\t\t\t\t\t<div class=\"elementor-container elementor-column-gap-default\">\n\t\t\t\t\t<div class=\"elementor-column elementor-col-100 elementor-top-column elementor-element elementor-element-ed31b8b\" data-id=\"ed31b8b\" data-element_type=\"column\" data-e-type=\"column\">\n\t\t\t<div class=\"elementor-widget-wrap elementor-element-populated\">\n\t\t\t\t\t\t<div class=\"elementor-element elementor-element-face350 elementor-hidden-desktop elementor-hidden-tablet elementor-hidden-phone elementor-widget elementor-widget-heading\" data-id=\"face350\" data-element_type=\"widget\" data-e-type=\"widget\" data-widget_type=\"heading.default\">\n\t\t\t\t<div class=\"elementor-widget-container\">\n\t\t\t\t\t<h1 class=\"elementor-heading-title elementor-size-default\">LEISTUNGEN<\/h1>\t\t\t\t<\/div>\n\t\t\t\t<\/div>\n\t\t\t\t\t<\/div>\n\t\t<\/div>\n\t\t\t\t\t<\/div>\n\t\t<\/section>\n\t\t\t\t<section class=\"elementor-section elementor-top-section elementor-element elementor-element-80bd08a elementor-section-boxed elementor-section-height-default elementor-section-height-default\" data-id=\"80bd08a\" data-element_type=\"section\" data-e-type=\"section\">\n\t\t\t\t\t\t<div class=\"elementor-container elementor-column-gap-default\">\n\t\t\t\t\t<div class=\"elementor-column elementor-col-25 elementor-top-column elementor-element elementor-element-03d7a21\" data-id=\"03d7a21\" data-element_type=\"column\" data-e-type=\"column\">\n\t\t\t<div class=\"elementor-widget-wrap elementor-element-populated\">\n\t\t\t\t\t\t<div class=\"elementor-element elementor-element-3013125 conmutador_serveis elementor-widget elementor-widget-toggle\" data-id=\"3013125\" data-element_type=\"widget\" data-e-type=\"widget\" data-widget_type=\"toggle.default\">\n\t\t\t\t<div class=\"elementor-widget-container\">\n\t\t\t\t\t\t\t<div class=\"elementor-toggle\">\n\t\t\t\t\t\t\t<div class=\"elementor-toggle-item\">\n\t\t\t\t\t<div id=\"elementor-tab-title-5041\" class=\"elementor-tab-title\" data-tab=\"1\" role=\"button\" aria-controls=\"elementor-tab-content-5041\" aria-expanded=\"false\">\n\t\t\t\t\t\t\t\t\t\t\t\t<a class=\"elementor-toggle-title\" tabindex=\"0\"><span class=\"titol_servei\"> Projektmanagement<\/span><img decoding=\"async\" src=\"https:\/\/arquilleida.com\/wp-content\/uploads\/arquilleida-serveis-1.jpg\" class=\"img_servei_click imgserveiPC\"><img decoding=\"async\" src=\"https:\/\/arquilleida.com\/wp-content\/uploads\/arquilleida-serveis-1m.jpg\" class=\"img_servei_click imgserveiMB\"><\/a>\n\t\t\t\t\t<\/div>\n\n\t\t\t\t\t<div id=\"elementor-tab-content-5041\" class=\"elementor-tab-content elementor-clearfix\" data-tab=\"1\" role=\"region\" aria-labelledby=\"elementor-tab-title-5041\"><p>Organisation, Planung, Motivation und \u00dcberpr\u00fcfung der Mittel um die vorgegebenen Ziele des Kunden zu erreichen. Wir respektieren festgelegte Vorgaben wie Zeitraum, Qualit\u00e4t und Budget und garantieren so den Erfolg unserer Projekte.<\/p><\/div>\n\t\t\t\t<\/div>\n\t\t\t\t\t\t\t<div class=\"elementor-toggle-item\">\n\t\t\t\t\t<div id=\"elementor-tab-title-5042\" class=\"elementor-tab-title\" data-tab=\"2\" role=\"button\" aria-controls=\"elementor-tab-content-5042\" aria-expanded=\"false\">\n\t\t\t\t\t\t\t\t\t\t\t\t<a class=\"elementor-toggle-title\" tabindex=\"0\"><span class=\"titol_servei\"> Bewohnbarkeitsbescheinigung und Energieausweis<\/span><img decoding=\"async\" src=\"https:\/\/arquilleida.com\/wp-content\/uploads\/arquilleida-serveis-5.jpg\" class=\"img_servei_click imgserveiPC\"><img decoding=\"async\" src=\"https:\/\/arquilleida.com\/wp-content\/uploads\/arquilleida-serveis-5m.jpg\" class=\"img_servei_click imgserveiMB\"><\/a>\n\t\t\t\t\t<\/div>\n\n\t\t\t\t\t<div id=\"elementor-tab-content-5042\" class=\"elementor-tab-content elementor-clearfix\" data-tab=\"2\" role=\"region\" aria-labelledby=\"elementor-tab-title-5042\"><p>Die Bescheinigung best\u00e4tigt, das die Wohnung die Mindestvoraussetzungen der Bewohnbarkeit nach der geltenden Rechtsvorschrift erf\u00fcllt.<\/p><p>Der Energieausweis beeinhaltet die Daten der Energieeffizienz des Geb\u00e4udes und erm\u00f6glicht eine bessere Evaluierung und Klassifizierung aller zu ber\u00fccksichtigen Elemente der Immobilie. <\/p><\/div>\n\t\t\t\t<\/div>\n\t\t\t\t\t\t\t\t<\/div>\n\t\t\t\t\t\t<\/div>\n\t\t\t\t<\/div>\n\t\t\t\t\t<\/div>\n\t\t<\/div>\n\t\t\t\t<div class=\"elementor-column elementor-col-25 elementor-top-column elementor-element elementor-element-4717448\" data-id=\"4717448\" data-element_type=\"column\" data-e-type=\"column\">\n\t\t\t<div class=\"elementor-widget-wrap elementor-element-populated\">\n\t\t\t\t\t\t<div class=\"elementor-element elementor-element-894ffcf conmutador_serveis elementor-widget elementor-widget-toggle\" data-id=\"894ffcf\" data-element_type=\"widget\" data-e-type=\"widget\" data-widget_type=\"toggle.default\">\n\t\t\t\t<div class=\"elementor-widget-container\">\n\t\t\t\t\t\t\t<div class=\"elementor-toggle\">\n\t\t\t\t\t\t\t<div class=\"elementor-toggle-item\">\n\t\t\t\t\t<div id=\"elementor-tab-title-1431\" class=\"elementor-tab-title\" data-tab=\"1\" role=\"button\" aria-controls=\"elementor-tab-content-1431\" aria-expanded=\"false\">\n\t\t\t\t\t\t\t\t\t\t\t\t<a class=\"elementor-toggle-title\" tabindex=\"0\"><span class=\"titol_servei\"> Bauvorhaben und Sanierung<\/span><img decoding=\"async\" src=\"https:\/\/arquilleida.com\/wp-content\/uploads\/arquilleida-serveis-2.jpg\" class=\"img_servei_click imgserveiPC\"><img decoding=\"async\" src=\"https:\/\/arquilleida.com\/wp-content\/uploads\/arquilleida-serveis-2m.jpg\" class=\"img_servei_click imgserveiMB\"><\/a>\n\t\t\t\t\t<\/div>\n\n\t\t\t\t\t<div id=\"elementor-tab-content-1431\" class=\"elementor-tab-content elementor-clearfix\" data-tab=\"1\" role=\"region\" aria-labelledby=\"elementor-tab-title-1431\"><p>Feld der Architektur und Bautechnik, das die Distribution und Nutzung der R\u00e4ume, die Verwendung von Materialien und Technologine, und die technische Grundlagen im Rahmen der gesetzlichen Bestimmung, regelt.<\/p><\/div>\n\t\t\t\t<\/div>\n\t\t\t\t\t\t\t<div class=\"elementor-toggle-item\">\n\t\t\t\t\t<div id=\"elementor-tab-title-1432\" class=\"elementor-tab-title\" data-tab=\"2\" role=\"button\" aria-controls=\"elementor-tab-content-1432\" aria-expanded=\"false\">\n\t\t\t\t\t\t\t\t\t\t\t\t<a class=\"elementor-toggle-title\" tabindex=\"0\"><span class=\"titol_servei\"> Technische Pr\u00fcfung von Geb\u00e4uden<\/span><img decoding=\"async\" src=\"https:\/\/arquilleida.com\/wp-content\/uploads\/arquilleida-serveis-6.jpg\" class=\"img_servei_click imgserveiPC\"><img decoding=\"async\" src=\"https:\/\/arquilleida.com\/wp-content\/uploads\/arquilleida-serveis-6m.jpg\" class=\"img_servei_click imgserveiMB\"><\/a>\n\t\t\t\t\t<\/div>\n\n\t\t\t\t\t<div id=\"elementor-tab-content-1432\" class=\"elementor-tab-content elementor-clearfix\" data-tab=\"2\" role=\"region\" aria-labelledby=\"elementor-tab-title-1432\"><p>Technische Kontrolle der rechtlichen pr\u00e4ventiven und korrektiven Instandhaltung. Sie beinhaltet eine Serie von Elementen, die die Sicherheit der Immobilie oder deren Bewohner betrifft. Es werden Sicherheitsvorschriften, Stabilit\u00e4t und Konsolidierung der Bauwerke \u00fcberpr\u00fcft.<\/p><\/div>\n\t\t\t\t<\/div>\n\t\t\t\t\t\t\t\t<\/div>\n\t\t\t\t\t\t<\/div>\n\t\t\t\t<\/div>\n\t\t\t\t\t<\/div>\n\t\t<\/div>\n\t\t\t\t<div class=\"elementor-column elementor-col-25 elementor-top-column elementor-element elementor-element-4530a5d\" data-id=\"4530a5d\" data-element_type=\"column\" data-e-type=\"column\">\n\t\t\t<div class=\"elementor-widget-wrap elementor-element-populated\">\n\t\t\t\t\t\t<div class=\"elementor-element elementor-element-fafbf45 conmutador_serveis elementor-widget elementor-widget-toggle\" data-id=\"fafbf45\" data-element_type=\"widget\" data-e-type=\"widget\" data-widget_type=\"toggle.default\">\n\t\t\t\t<div class=\"elementor-widget-container\">\n\t\t\t\t\t\t\t<div class=\"elementor-toggle\">\n\t\t\t\t\t\t\t<div class=\"elementor-toggle-item\">\n\t\t\t\t\t<div id=\"elementor-tab-title-2631\" class=\"elementor-tab-title\" data-tab=\"1\" role=\"button\" aria-controls=\"elementor-tab-content-2631\" aria-expanded=\"false\">\n\t\t\t\t\t\t\t\t\t\t\t\t<a class=\"elementor-toggle-title\" tabindex=\"0\"><span class=\"titol_servei\"> Bauleitung <\/span><img decoding=\"async\" src=\"https:\/\/arquilleida.com\/wp-content\/uploads\/arquilleida-serveis-3.jpg\" class=\"img_servei_click imgserveiPC\"><img decoding=\"async\" src=\"https:\/\/arquilleida.com\/wp-content\/uploads\/arquilleida-serveis-3m.jpg\" class=\"img_servei_click imgserveiMB\"><\/a>\n\t\t\t\t\t<\/div>\n\n\t\t\t\t\t<div id=\"elementor-tab-content-2631\" class=\"elementor-tab-content elementor-clearfix\" data-tab=\"1\" role=\"region\" aria-labelledby=\"elementor-tab-title-2631\"><p>Baukontrolle im Hinblick auf technische, \u00e4sthetische, urbanistische und umweltspezifische Aspekte. Wir orientieren uns an der Definition des Bauprojektes, der Baugenehmigung, sowie anderen Beh\u00f6rdengenehmigungen.<\/p><\/div>\n\t\t\t\t<\/div>\n\t\t\t\t\t\t\t<div class=\"elementor-toggle-item\">\n\t\t\t\t\t<div id=\"elementor-tab-title-2632\" class=\"elementor-tab-title\" data-tab=\"2\" role=\"button\" aria-controls=\"elementor-tab-content-2632\" aria-expanded=\"false\">\n\t\t\t\t\t\t\t\t\t\t\t\t<a class=\"elementor-toggle-title\" tabindex=\"0\"><span class=\"titol_servei\"> Beratung und technische Betreuung<\/span><img decoding=\"async\" src=\"https:\/\/arquilleida.com\/wp-content\/uploads\/arquilleida-serveis-7.jpg\" class=\"img_servei_click imgserveiPC\"><img decoding=\"async\" src=\"https:\/\/arquilleida.com\/wp-content\/uploads\/arquilleida-serveis-7m.jpg\" class=\"img_servei_click imgserveiMB\"><\/a>\n\t\t\t\t\t<\/div>\n\n\t\t\t\t\t<div id=\"elementor-tab-content-2632\" class=\"elementor-tab-content elementor-clearfix\" data-tab=\"2\" role=\"region\" aria-labelledby=\"elementor-tab-title-2632\"><p>Profesionelle und technische L\u00f6sungen \u00fcbernimmt unser Team bei der Planung, Entwicklung und Materialisierung in Bereichen der Konstruktion, Ingenieurwesen, Architektur, Industriedesign und Projektleitung.<\/p><p>Wir f\u00fchren Ihr Projekt sicher zum Ziel.<\/p><\/div>\n\t\t\t\t<\/div>\n\t\t\t\t\t\t\t\t<\/div>\n\t\t\t\t\t\t<\/div>\n\t\t\t\t<\/div>\n\t\t\t\t\t<\/div>\n\t\t<\/div>\n\t\t\t\t<div class=\"elementor-column elementor-col-25 elementor-top-column elementor-element elementor-element-e3dcf5f\" data-id=\"e3dcf5f\" data-element_type=\"column\" data-e-type=\"column\">\n\t\t\t<div class=\"elementor-widget-wrap elementor-element-populated\">\n\t\t\t\t\t\t<div class=\"elementor-element elementor-element-e92b45f conmutador_serveis elementor-widget elementor-widget-toggle\" data-id=\"e92b45f\" data-element_type=\"widget\" data-e-type=\"widget\" data-widget_type=\"toggle.default\">\n\t\t\t\t<div class=\"elementor-widget-container\">\n\t\t\t\t\t\t\t<div class=\"elementor-toggle\">\n\t\t\t\t\t\t\t<div class=\"elementor-toggle-item\">\n\t\t\t\t\t<div id=\"elementor-tab-title-2441\" class=\"elementor-tab-title\" data-tab=\"1\" role=\"button\" aria-controls=\"elementor-tab-content-2441\" aria-expanded=\"false\">\n\t\t\t\t\t\t\t\t\t\t\t\t<a class=\"elementor-toggle-title\" tabindex=\"0\"><span class=\"titol_servei\"> SIGE Koordination<\/span><img decoding=\"async\" src=\"https:\/\/arquilleida.com\/wp-content\/uploads\/arquilleida-serveis-4.jpg\" class=\"img_servei_click imgserveiPC\"><img decoding=\"async\" src=\"https:\/\/arquilleida.com\/wp-content\/uploads\/arquilleida-serveis-1m.jpg\" class=\"img_servei_click imgserveiMB\"><\/a>\n\t\t\t\t\t<\/div>\n\n\t\t\t\t\t<div id=\"elementor-tab-content-2441\" class=\"elementor-tab-content elementor-clearfix\" data-tab=\"1\" role=\"region\" aria-labelledby=\"elementor-tab-title-2441\"><p>\u00dcberwachung und Organisation des Sicherheits- und Gesundheitsschutz in Bau-werken sowohl in der Projekt- als auch in der Ausf\u00fchrungsphase. Das Ziel ist es, die Unversehrheit aller Beteiligten zu gew\u00e4hrleisten. Es erleichtert die technische Unterst\u00fctzung, um die Baupraxis an die aktuelle Gesetzgebung anzupassen.<\/p><\/div>\n\t\t\t\t<\/div>\n\t\t\t\t\t\t\t<div class=\"elementor-toggle-item\">\n\t\t\t\t\t<div id=\"elementor-tab-title-2442\" class=\"elementor-tab-title\" data-tab=\"2\" role=\"button\" aria-controls=\"elementor-tab-content-2442\" aria-expanded=\"false\">\n\t\t\t\t\t\t\t\t\t\t\t\t<a class=\"elementor-toggle-title\" tabindex=\"0\"><span class=\"titol_servei\"> Baugutachten<\/span><img decoding=\"async\" src=\"https:\/\/arquilleida.com\/wp-content\/uploads\/arquilleida-serveis-8.jpg\" class=\"img_servei_click imgserveiPC\"><img decoding=\"async\" src=\"https:\/\/arquilleida.com\/wp-content\/uploads\/arquilleida-serveis-8m.jpg\" class=\"img_servei_click imgserveiMB\"><\/a>\n\t\t\t\t\t<\/div>\n\n\t\t\t\t\t<div id=\"elementor-tab-content-2442\" class=\"elementor-tab-content elementor-clearfix\" data-tab=\"2\" role=\"region\" aria-labelledby=\"elementor-tab-title-2442\"><p>Ein Bausachverst\u00e4ndiger pr\u00fcft den Tatbestand und legt seine \u00dcberlegungen dar. Er gibt Auskunft \u00fcber Baum\u00e4ngel, die Wertsch\u00e4tzung oder die Kosten der Sanierung einer Immobilie.<\/p><\/div>\n\t\t\t\t<\/div>\n\t\t\t\t\t\t\t\t<\/div>\n\t\t\t\t\t\t<\/div>\n\t\t\t\t<\/div>\n\t\t\t\t\t<\/div>\n\t\t<\/div>\n\t\t\t\t\t<\/div>\n\t\t<\/section>\n\t\t\t\t<section class=\"elementor-section elementor-top-section elementor-element elementor-element-baf5401 elementor-section-boxed elementor-section-height-default elementor-section-height-default\" data-id=\"baf5401\" data-element_type=\"section\" data-e-type=\"section\">\n\t\t\t\t\t\t<div class=\"elementor-container elementor-column-gap-default\">\n\t\t\t\t\t<div class=\"elementor-column elementor-col-100 elementor-top-column elementor-element elementor-element-c3ff56e\" data-id=\"c3ff56e\" data-element_type=\"column\" data-e-type=\"column\">\n\t\t\t<div class=\"elementor-widget-wrap elementor-element-populated\">\n\t\t\t\t\t\t<div class=\"elementor-element elementor-element-783ab05 elementor-widget elementor-widget-heading\" data-id=\"783ab05\" data-element_type=\"widget\" data-e-type=\"widget\" data-widget_type=\"heading.default\">\n\t\t\t\t<div class=\"elementor-widget-container\">\n\t\t\t\t\t<h3 class=\"elementor-heading-title elementor-size-default\">Wir bieten auch Unterst\u00fctzung f\u00fcr Fachpersonal und Bauleute.<\/h3>\t\t\t\t<\/div>\n\t\t\t\t<\/div>\n\t\t\t\t\t<\/div>\n\t\t<\/div>\n\t\t\t\t\t<\/div>\n\t\t<\/section>\n\t\t\t\t<\/div>\n\t\t","protected":false},"excerpt":{"rendered":"<p>Projektmanagement Organisation, Planung, Motivation und \u00dcberpr\u00fcfung der Mittel um die vorgegebenen Ziele des Kunden zu erreichen. Wir respektieren festgelegte Vorgaben wie Zeitraum, Qualit\u00e4t und Budget und garantieren so den Erfolg unserer Projekte. Bewohnbarkeitsbescheinigung und Energieausweis Die Bescheinigung best\u00e4tigt, das die Wohnung die Mindestvoraussetzungen der Bewohnbarkeit nach der geltenden Rechtsvorschrift erf\u00fcllt. Der Energieausweis beeinhaltet die Daten &#8230; <a title=\"LEISTUNGEN\" class=\"read-more\" href=\"https:\/\/arquilleida.com\/de\/leistungen\/\" aria-label=\"Mehr Informationen \u00fcber LEISTUNGEN\">Weiterlesen<\/a><\/p>\n","protected":false},"author":1,"featured_media":0,"parent":0,"menu_order":0,"comment_status":"closed","ping_status":"closed","template":"","meta":{"footnotes":""},"class_list":["post-53","page","type-page","status-publish"],"yoast_head":"<!-- This site is optimized with the Yoast SEO plugin v27.4 - https:\/\/yoast.com\/product\/yoast-seo-wordpress\/ -->\n<title>LEISTUNGEN - Arquilleida - Oficina t\u00e8cnica i serveis per a la construcci\u00f3\u2028<\/title>\n<meta name=\"robots\" content=\"index, follow, max-snippet:-1, max-image-preview:large, max-video-preview:-1\" \/>\n<link rel=\"canonical\" href=\"https:\/\/arquilleida.com\/de\/leistungen\/\" \/>\n<meta property=\"og:locale\" content=\"de_DE\" \/>\n<meta property=\"og:type\" content=\"article\" \/>\n<meta property=\"og:title\" content=\"LEISTUNGEN - Arquilleida - Oficina t\u00e8cnica i serveis per a la construcci\u00f3\u2028\" \/>\n<meta property=\"og:description\" content=\"Projektmanagement Organisation, Planung, Motivation und \u00dcberpr\u00fcfung der Mittel um die vorgegebenen Ziele des Kunden zu erreichen. Wir respektieren festgelegte Vorgaben wie Zeitraum, Qualit\u00e4t und Budget und garantieren so den Erfolg unserer Projekte. Bewohnbarkeitsbescheinigung und Energieausweis Die Bescheinigung best\u00e4tigt, das die Wohnung die Mindestvoraussetzungen der Bewohnbarkeit nach der geltenden Rechtsvorschrift erf\u00fcllt. Der Energieausweis beeinhaltet die Daten ... Weiterlesen\" \/>\n<meta property=\"og:url\" content=\"https:\/\/arquilleida.com\/de\/leistungen\/\" \/>\n<meta property=\"og:site_name\" content=\"Arquilleida\" \/>\n<meta property=\"article:modified_time\" content=\"2020-01-20T15:24:49+00:00\" \/>\n<meta property=\"og:image\" content=\"https:\/\/arquilleida.com\/wp-content\/uploads\/arquilleida-serveis-1.jpg\" \/>\n<meta name=\"twitter:card\" content=\"summary_large_image\" \/>\n<meta name=\"twitter:label1\" content=\"Gesch\u00e4tzte Lesezeit\" \/>\n\t<meta name=\"twitter:data1\" content=\"1\u00a0Minute\" \/>\n<script type=\"application\/ld+json\" class=\"yoast-schema-graph\">{\"@context\":\"https:\\\/\\\/schema.org\",\"@graph\":[{\"@type\":\"WebPage\",\"@id\":\"https:\\\/\\\/arquilleida.com\\\/de\\\/leistungen\\\/\",\"url\":\"https:\\\/\\\/arquilleida.com\\\/de\\\/leistungen\\\/\",\"name\":\"LEISTUNGEN - Arquilleida - Oficina t\u00e8cnica i serveis per a la construcci\u00f3\\u2028\",\"isPartOf\":{\"@id\":\"https:\\\/\\\/arquilleida.com\\\/de\\\/#website\"},\"primaryImageOfPage\":{\"@id\":\"https:\\\/\\\/arquilleida.com\\\/de\\\/leistungen\\\/#primaryimage\"},\"image\":{\"@id\":\"https:\\\/\\\/arquilleida.com\\\/de\\\/leistungen\\\/#primaryimage\"},\"thumbnailUrl\":\"https:\\\/\\\/arquilleida.com\\\/wp-content\\\/uploads\\\/arquilleida-serveis-1.jpg\",\"datePublished\":\"2019-12-16T15:35:37+00:00\",\"dateModified\":\"2020-01-20T15:24:49+00:00\",\"breadcrumb\":{\"@id\":\"https:\\\/\\\/arquilleida.com\\\/de\\\/leistungen\\\/#breadcrumb\"},\"inLanguage\":\"de\",\"potentialAction\":[{\"@type\":\"ReadAction\",\"target\":[\"https:\\\/\\\/arquilleida.com\\\/de\\\/leistungen\\\/\"]}]},{\"@type\":\"ImageObject\",\"inLanguage\":\"de\",\"@id\":\"https:\\\/\\\/arquilleida.com\\\/de\\\/leistungen\\\/#primaryimage\",\"url\":\"https:\\\/\\\/arquilleida.com\\\/wp-content\\\/uploads\\\/arquilleida-serveis-1.jpg\",\"contentUrl\":\"https:\\\/\\\/arquilleida.com\\\/wp-content\\\/uploads\\\/arquilleida-serveis-1.jpg\"},{\"@type\":\"BreadcrumbList\",\"@id\":\"https:\\\/\\\/arquilleida.com\\\/de\\\/leistungen\\\/#breadcrumb\",\"itemListElement\":[{\"@type\":\"ListItem\",\"position\":1,\"name\":\"Portada\",\"item\":\"https:\\\/\\\/arquilleida.com\\\/de\\\/\"},{\"@type\":\"ListItem\",\"position\":2,\"name\":\"LEISTUNGEN\"}]},{\"@type\":\"WebSite\",\"@id\":\"https:\\\/\\\/arquilleida.com\\\/de\\\/#website\",\"url\":\"https:\\\/\\\/arquilleida.com\\\/de\\\/\",\"name\":\"Arquilleida\",\"description\":\"Oficina t\u00e8cnica i serveis per a la construcci\u00f3\\u2028\",\"publisher\":{\"@id\":\"https:\\\/\\\/arquilleida.com\\\/de\\\/#organization\"},\"potentialAction\":[{\"@type\":\"SearchAction\",\"target\":{\"@type\":\"EntryPoint\",\"urlTemplate\":\"https:\\\/\\\/arquilleida.com\\\/de\\\/?s={search_term_string}\"},\"query-input\":{\"@type\":\"PropertyValueSpecification\",\"valueRequired\":true,\"valueName\":\"search_term_string\"}}],\"inLanguage\":\"de\"},{\"@type\":\"Organization\",\"@id\":\"https:\\\/\\\/arquilleida.com\\\/de\\\/#organization\",\"name\":\"ARQUILLEIDA\",\"url\":\"https:\\\/\\\/arquilleida.com\\\/de\\\/\",\"logo\":{\"@type\":\"ImageObject\",\"inLanguage\":\"de\",\"@id\":\"https:\\\/\\\/arquilleida.com\\\/de\\\/#\\\/schema\\\/logo\\\/image\\\/\",\"url\":\"https:\\\/\\\/arquilleida.com\\\/de\\\/wp-content\\\/uploads\\\/sites\\\/4\\\/aqruilleida-logo.svg\",\"contentUrl\":\"https:\\\/\\\/arquilleida.com\\\/de\\\/wp-content\\\/uploads\\\/sites\\\/4\\\/aqruilleida-logo.svg\",\"width\":259,\"height\":77,\"caption\":\"ARQUILLEIDA\"},\"image\":{\"@id\":\"https:\\\/\\\/arquilleida.com\\\/de\\\/#\\\/schema\\\/logo\\\/image\\\/\"}}]}<\/script>\n<!-- \/ Yoast SEO plugin. -->","yoast_head_json":{"title":"LEISTUNGEN - Arquilleida - Oficina t\u00e8cnica i serveis per a la construcci\u00f3\u2028","robots":{"index":"index","follow":"follow","max-snippet":"max-snippet:-1","max-image-preview":"max-image-preview:large","max-video-preview":"max-video-preview:-1"},"canonical":"https:\/\/arquilleida.com\/de\/leistungen\/","og_locale":"de_DE","og_type":"article","og_title":"LEISTUNGEN - Arquilleida - Oficina t\u00e8cnica i serveis per a la construcci\u00f3\u2028","og_description":"Projektmanagement Organisation, Planung, Motivation und \u00dcberpr\u00fcfung der Mittel um die vorgegebenen Ziele des Kunden zu erreichen. Wir respektieren festgelegte Vorgaben wie Zeitraum, Qualit\u00e4t und Budget und garantieren so den Erfolg unserer Projekte. Bewohnbarkeitsbescheinigung und Energieausweis Die Bescheinigung best\u00e4tigt, das die Wohnung die Mindestvoraussetzungen der Bewohnbarkeit nach der geltenden Rechtsvorschrift erf\u00fcllt. Der Energieausweis beeinhaltet die Daten ... Weiterlesen","og_url":"https:\/\/arquilleida.com\/de\/leistungen\/","og_site_name":"Arquilleida","article_modified_time":"2020-01-20T15:24:49+00:00","og_image":[{"url":"https:\/\/arquilleida.com\/wp-content\/uploads\/arquilleida-serveis-1.jpg","type":"","width":"","height":""}],"twitter_card":"summary_large_image","twitter_misc":{"Gesch\u00e4tzte Lesezeit":"1\u00a0Minute"},"schema":{"@context":"https:\/\/schema.org","@graph":[{"@type":"WebPage","@id":"https:\/\/arquilleida.com\/de\/leistungen\/","url":"https:\/\/arquilleida.com\/de\/leistungen\/","name":"LEISTUNGEN - Arquilleida - Oficina t\u00e8cnica i serveis per a la construcci\u00f3\u2028","isPartOf":{"@id":"https:\/\/arquilleida.com\/de\/#website"},"primaryImageOfPage":{"@id":"https:\/\/arquilleida.com\/de\/leistungen\/#primaryimage"},"image":{"@id":"https:\/\/arquilleida.com\/de\/leistungen\/#primaryimage"},"thumbnailUrl":"https:\/\/arquilleida.com\/wp-content\/uploads\/arquilleida-serveis-1.jpg","datePublished":"2019-12-16T15:35:37+00:00","dateModified":"2020-01-20T15:24:49+00:00","breadcrumb":{"@id":"https:\/\/arquilleida.com\/de\/leistungen\/#breadcrumb"},"inLanguage":"de","potentialAction":[{"@type":"ReadAction","target":["https:\/\/arquilleida.com\/de\/leistungen\/"]}]},{"@type":"ImageObject","inLanguage":"de","@id":"https:\/\/arquilleida.com\/de\/leistungen\/#primaryimage","url":"https:\/\/arquilleida.com\/wp-content\/uploads\/arquilleida-serveis-1.jpg","contentUrl":"https:\/\/arquilleida.com\/wp-content\/uploads\/arquilleida-serveis-1.jpg"},{"@type":"BreadcrumbList","@id":"https:\/\/arquilleida.com\/de\/leistungen\/#breadcrumb","itemListElement":[{"@type":"ListItem","position":1,"name":"Portada","item":"https:\/\/arquilleida.com\/de\/"},{"@type":"ListItem","position":2,"name":"LEISTUNGEN"}]},{"@type":"WebSite","@id":"https:\/\/arquilleida.com\/de\/#website","url":"https:\/\/arquilleida.com\/de\/","name":"Arquilleida","description":"Oficina t\u00e8cnica i serveis per a la construcci\u00f3\u2028","publisher":{"@id":"https:\/\/arquilleida.com\/de\/#organization"},"potentialAction":[{"@type":"SearchAction","target":{"@type":"EntryPoint","urlTemplate":"https:\/\/arquilleida.com\/de\/?s={search_term_string}"},"query-input":{"@type":"PropertyValueSpecification","valueRequired":true,"valueName":"search_term_string"}}],"inLanguage":"de"},{"@type":"Organization","@id":"https:\/\/arquilleida.com\/de\/#organization","name":"ARQUILLEIDA","url":"https:\/\/arquilleida.com\/de\/","logo":{"@type":"ImageObject","inLanguage":"de","@id":"https:\/\/arquilleida.com\/de\/#\/schema\/logo\/image\/","url":"https:\/\/arquilleida.com\/de\/wp-content\/uploads\/sites\/4\/aqruilleida-logo.svg","contentUrl":"https:\/\/arquilleida.com\/de\/wp-content\/uploads\/sites\/4\/aqruilleida-logo.svg","width":259,"height":77,"caption":"ARQUILLEIDA"},"image":{"@id":"https:\/\/arquilleida.com\/de\/#\/schema\/logo\/image\/"}}]}},"_links":{"self":[{"href":"https:\/\/arquilleida.com\/de\/wp-json\/wp\/v2\/pages\/53","targetHints":{"allow":["GET"]}}],"collection":[{"href":"https:\/\/arquilleida.com\/de\/wp-json\/wp\/v2\/pages"}],"about":[{"href":"https:\/\/arquilleida.com\/de\/wp-json\/wp\/v2\/types\/page"}],"author":[{"embeddable":true,"href":"https:\/\/arquilleida.com\/de\/wp-json\/wp\/v2\/users\/1"}],"replies":[{"embeddable":true,"href":"https:\/\/arquilleida.com\/de\/wp-json\/wp\/v2\/comments?post=53"}],"version-history":[{"count":6,"href":"https:\/\/arquilleida.com\/de\/wp-json\/wp\/v2\/pages\/53\/revisions"}],"predecessor-version":[{"id":360,"href":"https:\/\/arquilleida.com\/de\/wp-json\/wp\/v2\/pages\/53\/revisions\/360"}],"wp:attachment":[{"href":"https:\/\/arquilleida.com\/de\/wp-json\/wp\/v2\/media?parent=53"}],"curies":[{"name":"wp","href":"https:\/\/api.w.org\/{rel}","templated":true}]}}